{"id":138,"date":"2017-12-15T18:00:24","date_gmt":"2017-12-15T18:00:24","guid":{"rendered":"https:\/\/anadolugunesi.org\/?page_id=138"},"modified":"2018-03-02T19:34:56","modified_gmt":"2018-03-02T19:34:56","slug":"ilan","status":"publish","type":"page","link":"https:\/\/www.anadolugunesi.org\/?page_id=138","title":{"rendered":"\u0130lan"},"content":{"rendered":"<p style=\"text-align: center;\">BU ALANDA:\u00a0 F\u0130RMANIZ, FAAL\u0130YETLER\u0130N\u0130Z, DEVAM EDEN VE B\u0130TM\u0130\u015e PROJELER\u0130N\u0130Z, \u0130STEK VE TALEPLER\u0130N\u0130Z, REKLAMLARINIZ VE HER T\u00dcRL\u00dc \u0130LANLARINIZI YAYINLAYAB\u0130L\u0130RS\u0130N\u0130Z&#8230;<\/p>\n<hr \/>\n<p style=\"text-align: center;\">\n<hr \/>\n<p>&nbsp;<\/p>\n","protected":false},"excerpt":{"rendered":"<p>BU ALANDA:\u00a0 F\u0130RMANIZ, FAAL\u0130YETLER\u0130N\u0130Z, DEVAM EDEN VE B\u0130TM\u0130\u015e PROJELER\u0130N\u0130Z, \u0130STEK VE TALEPLER\u0130N\u0130Z, REKLAMLARINIZ VE HER T\u00dcRL\u00dc \u0130LANLARINIZI YAYINLAYAB\u0130L\u0130RS\u0130N\u0130Z&#8230; &nbsp;<\/p>\n","protected":false},"author":1,"featured_media":0,"parent":0,"menu_order":0,"comment_status":"closed","ping_status":"closed","template":"page-templates\/contact.php","meta":[],"_links":{"self":[{"href":"https:\/\/www.anadolugunesi.org\/index.php?rest_route=\/wp\/v2\/pages\/138"}],"collection":[{"href":"https:\/\/www.anadolugunesi.org\/index.php?rest_route=\/wp\/v2\/pages"}],"about":[{"href":"https:\/\/www.anadolugunesi.org\/index.php?rest_route=\/wp\/v2\/types\/page"}],"author":[{"embeddable":true,"href":"https:\/\/www.anadolugunesi.org\/index.php?rest_route=\/wp\/v2\/users\/1"}],"replies":[{"embeddable":true,"href":"https:\/\/www.anadolugunesi.org\/index.php?rest_route=%2Fwp%2Fv2%2Fcomments&post=138"}],"version-history":[{"count":7,"href":"https:\/\/www.anadolugunesi.org\/index.php?rest_route=\/wp\/v2\/pages\/138\/revisions"}],"predecessor-version":[{"id":1100,"href":"https:\/\/www.anadolugunesi.org\/index.php?rest_route=\/wp\/v2\/pages\/138\/revisions\/1100"}],"wp:attachment":[{"href":"https:\/\/www.anadolugunesi.org\/index.php?rest_route=%2Fwp%2Fv2%2Fmedia&parent=138"}],"curies":[{"name":"wp","href":"https:\/\/api.w.org\/{rel}","templated":true}]}}