{"id":33,"date":"2017-12-15T11:38:00","date_gmt":"2017-12-15T11:38:00","guid":{"rendered":"https:\/\/anadolugunesi.org\/?page_id=33"},"modified":"2018-03-02T19:37:32","modified_gmt":"2018-03-02T19:37:32","slug":"iletisim","status":"publish","type":"page","link":"https:\/\/www.anadolugunesi.org\/?page_id=33","title":{"rendered":"\u0130leti\u015fim"},"content":{"rendered":"<h6 style=\"text-align: center;\"><strong>&#8220;ANADOLU G\u00dcNE\u015e\u0130 ELEKTR\u0130K \u00dcRET\u0130YOR PROGRAMI&#8221;<\/strong><\/h6>\n<h6 style=\"text-align: center;\"><strong>TEL\u00a0 \u00a0 +90 541 650 1710<\/strong><\/h6>\n<h6 style=\"text-align: center;\"><strong>bilgi@anadolugunesi.org<\/strong><\/h6>\n<h6 style=\"text-align: center;\"><strong>www.anadolugunesi.org<\/strong><\/h6>\n","protected":false},"excerpt":{"rendered":"<p>&#8220;ANADOLU G\u00dcNE\u015e\u0130 ELEKTR\u0130K \u00dcRET\u0130YOR PROGRAMI&#8221; TEL\u00a0 \u00a0 +90 541 650 1710 bilgi@anadolugunesi.org www.anadolugunesi.org<\/p>\n","protected":false},"author":1,"featured_media":0,"parent":0,"menu_order":0,"comment_status":"closed","ping_status":"closed","template":"","meta":[],"_links":{"self":[{"href":"https:\/\/www.anadolugunesi.org\/index.php?rest_route=\/wp\/v2\/pages\/33"}],"collection":[{"href":"https:\/\/www.anadolugunesi.org\/index.php?rest_route=\/wp\/v2\/pages"}],"about":[{"href":"https:\/\/www.anadolugunesi.org\/index.php?rest_route=\/wp\/v2\/types\/page"}],"author":[{"embeddable":true,"href":"https:\/\/www.anadolugunesi.org\/index.php?rest_route=\/wp\/v2\/users\/1"}],"replies":[{"embeddable":true,"href":"https:\/\/www.anadolugunesi.org\/index.php?rest_route=%2Fwp%2Fv2%2Fcomments&post=33"}],"version-history":[{"count":18,"href":"https:\/\/www.anadolugunesi.org\/index.php?rest_route=\/wp\/v2\/pages\/33\/revisions"}],"predecessor-version":[{"id":1102,"href":"https:\/\/www.anadolugunesi.org\/index.php?rest_route=\/wp\/v2\/pages\/33\/revisions\/1102"}],"wp:attachment":[{"href":"https:\/\/www.anadolugunesi.org\/index.php?rest_route=%2Fwp%2Fv2%2Fmedia&parent=33"}],"curies":[{"name":"wp","href":"https:\/\/api.w.org\/{rel}","templated":true}]}}