{"id":647,"date":"2017-12-26T08:26:42","date_gmt":"2017-12-26T08:26:42","guid":{"rendered":"https:\/\/anadolugunesi.org\/?page_id=647"},"modified":"2017-12-27T08:41:59","modified_gmt":"2017-12-27T08:41:59","slug":"cozum-ortaklarimiz","status":"publish","type":"page","link":"https:\/\/www.anadolugunesi.org\/?page_id=647","title":{"rendered":"\u00c7\u00d6Z\u00dcM ORTAKLARIMIZ"},"content":{"rendered":"<h2><\/h2>\n<p><a href=\"http:\/\/www.enerjiportali.com\/\" target=\"_blank\" rel=\"noopener\">http:\/\/www.enerjiportali.com\/<\/a><\/p>\n<p><img loading=\"lazy\" class=\"alignnone size-medium wp-image-643\" src=\"https:\/\/anadolugunesi.org\/wp-content\/uploads\/2017\/12\/LOGO-ENERJ\u0130-PORTALI-300x216.jpg\" alt=\"\" width=\"300\" height=\"216\" srcset=\"https:\/\/www.anadolugunesi.org\/wp-content\/uploads\/2017\/12\/LOGO-ENERJ\u0130-PORTALI-300x216.jpg 300w, https:\/\/www.anadolugunesi.org\/wp-content\/uploads\/2017\/12\/LOGO-ENERJ\u0130-PORTALI.jpg 325w\" sizes=\"(max-width: 300px) 100vw, 300px\" \/><\/p>\n<p><a href=\"http:\/\/www.whatpeak.com.tr\/tr\" target=\"_blank\" rel=\"noopener\">http:\/\/www.whatpeak.com.tr\/tr<\/a><\/p>\n<p><img loading=\"lazy\" class=\"alignnone size-medium wp-image-662\" src=\"https:\/\/anadolugunesi.org\/wp-content\/uploads\/2017\/12\/LOGO-WHATPEAK-300x84.jpg\" alt=\"\" width=\"300\" height=\"84\" srcset=\"https:\/\/www.anadolugunesi.org\/wp-content\/uploads\/2017\/12\/LOGO-WHATPEAK-300x84.jpg 300w, https:\/\/www.anadolugunesi.org\/wp-content\/uploads\/2017\/12\/LOGO-WHATPEAK-768x214.jpg 768w, https:\/\/www.anadolugunesi.org\/wp-content\/uploads\/2017\/12\/LOGO-WHATPEAK.jpg 970w\" sizes=\"(max-width: 300px) 100vw, 300px\" \/><\/p>\n<p><a href=\"http:\/\/www.tehad.org\/\" target=\"_blank\" rel=\"noopener\">http:\/\/www.tehad.org\/<\/a><\/p>\n<p><img loading=\"lazy\" class=\"alignnone size-medium wp-image-664\" src=\"https:\/\/anadolugunesi.org\/wp-content\/uploads\/2017\/12\/TEHAD-_-logo-300x189.jpg\" alt=\"\" width=\"300\" height=\"189\" srcset=\"https:\/\/www.anadolugunesi.org\/wp-content\/uploads\/2017\/12\/TEHAD-_-logo-300x189.jpg 300w, https:\/\/www.anadolugunesi.org\/wp-content\/uploads\/2017\/12\/TEHAD-_-logo-768x483.jpg 768w, https:\/\/www.anadolugunesi.org\/wp-content\/uploads\/2017\/12\/TEHAD-_-logo-1024x644.jpg 1024w, https:\/\/www.anadolugunesi.org\/wp-content\/uploads\/2017\/12\/TEHAD-_-logo.jpg 1375w\" sizes=\"(max-width: 300px) 100vw, 300px\" \/><\/p>\n","protected":false},"excerpt":{"rendered":"<p>http:\/\/www.enerjiportali.com\/ http:\/\/www.whatpeak.com.tr\/tr http:\/\/www.tehad.org\/<\/p>\n","protected":false},"author":1,"featured_media":0,"parent":0,"menu_order":0,"comment_status":"closed","ping_status":"closed","template":"","meta":[],"_links":{"self":[{"href":"https:\/\/www.anadolugunesi.org\/index.php?rest_route=\/wp\/v2\/pages\/647"}],"collection":[{"href":"https:\/\/www.anadolugunesi.org\/index.php?rest_route=\/wp\/v2\/pages"}],"about":[{"href":"https:\/\/www.anadolugunesi.org\/index.php?rest_route=\/wp\/v2\/types\/page"}],"author":[{"embeddable":true,"href":"https:\/\/www.anadolugunesi.org\/index.php?rest_route=\/wp\/v2\/users\/1"}],"replies":[{"embeddable":true,"href":"https:\/\/www.anadolugunesi.org\/index.php?rest_route=%2Fwp%2Fv2%2Fcomments&post=647"}],"version-history":[{"count":8,"href":"https:\/\/www.anadolugunesi.org\/index.php?rest_route=\/wp\/v2\/pages\/647\/revisions"}],"predecessor-version":[{"id":665,"href":"https:\/\/www.anadolugunesi.org\/index.php?rest_route=\/wp\/v2\/pages\/647\/revisions\/665"}],"wp:attachment":[{"href":"https:\/\/www.anadolugunesi.org\/index.php?rest_route=%2Fwp%2Fv2%2Fmedia&parent=647"}],"curies":[{"name":"wp","href":"https:\/\/api.w.org\/{rel}","templated":true}]}}