{"id":654,"date":"2017-12-26T08:31:57","date_gmt":"2017-12-26T08:31:57","guid":{"rendered":"https:\/\/anadolugunesi.org\/?page_id=654"},"modified":"2018-01-01T12:49:57","modified_gmt":"2018-01-01T12:49:57","slug":"uyelerimiz","status":"publish","type":"page","link":"https:\/\/www.anadolugunesi.org\/?page_id=654","title":{"rendered":"\u00dcYELER\u0130M\u0130Z"},"content":{"rendered":"<p><img loading=\"lazy\" class=\"alignnone size-medium wp-image-668\" src=\"https:\/\/anadolugunesi.org\/wp-content\/uploads\/2018\/01\/solonn-logo3-300x56.jpg\" alt=\"\" width=\"300\" height=\"56\" srcset=\"https:\/\/www.anadolugunesi.org\/wp-content\/uploads\/2018\/01\/solonn-logo3-300x56.jpg 300w, https:\/\/www.anadolugunesi.org\/wp-content\/uploads\/2018\/01\/solonn-logo3-768x144.jpg 768w, https:\/\/www.anadolugunesi.org\/wp-content\/uploads\/2018\/01\/solonn-logo3.jpg 800w\" sizes=\"(max-width: 300px) 100vw, 300px\" \/><\/p>\n<p><a href=\"https:\/\/solonn.com.tr\/\" target=\"_blank\" rel=\"noopener\">https:\/\/solonn.com.tr\/<\/a><\/p>\n","protected":false},"excerpt":{"rendered":"<p>https:\/\/solonn.com.tr\/<\/p>\n","protected":false},"author":1,"featured_media":0,"parent":0,"menu_order":0,"comment_status":"closed","ping_status":"closed","template":"","meta":[],"_links":{"self":[{"href":"https:\/\/www.anadolugunesi.org\/index.php?rest_route=\/wp\/v2\/pages\/654"}],"collection":[{"href":"https:\/\/www.anadolugunesi.org\/index.php?rest_route=\/wp\/v2\/pages"}],"about":[{"href":"https:\/\/www.anadolugunesi.org\/index.php?rest_route=\/wp\/v2\/types\/page"}],"author":[{"embeddable":true,"href":"https:\/\/www.anadolugunesi.org\/index.php?rest_route=\/wp\/v2\/users\/1"}],"replies":[{"embeddable":true,"href":"https:\/\/www.anadolugunesi.org\/index.php?rest_route=%2Fwp%2Fv2%2Fcomments&post=654"}],"version-history":[{"count":3,"href":"https:\/\/www.anadolugunesi.org\/index.php?rest_route=\/wp\/v2\/pages\/654\/revisions"}],"predecessor-version":[{"id":671,"href":"https:\/\/www.anadolugunesi.org\/index.php?rest_route=\/wp\/v2\/pages\/654\/revisions\/671"}],"wp:attachment":[{"href":"https:\/\/www.anadolugunesi.org\/index.php?rest_route=%2Fwp%2Fv2%2Fmedia&parent=654"}],"curies":[{"name":"wp","href":"https:\/\/api.w.org\/{rel}","templated":true}]}}