{"id":657,"date":"2017-12-26T08:33:23","date_gmt":"2017-12-26T08:33:23","guid":{"rendered":"https:\/\/anadolugunesi.org\/?page_id=657"},"modified":"2018-03-02T20:45:58","modified_gmt":"2018-03-02T20:45:58","slug":"uyelerimiz-2","status":"publish","type":"page","link":"https:\/\/www.anadolugunesi.org\/?page_id=657","title":{"rendered":"\u00dcYELER\u0130M\u0130Z"},"content":{"rendered":"<p>&nbsp;<\/p>\n<p>&nbsp;<\/p>\n<p><img loading=\"lazy\" class=\"alignnone size-medium wp-image-1103\" src=\"https:\/\/anadolugunesi.org\/wp-content\/uploads\/2018\/03\/3A-Enerji-LOGO-SON-HAL\u0130-300x129.png\" alt=\"\" width=\"300\" height=\"129\" srcset=\"https:\/\/www.anadolugunesi.org\/wp-content\/uploads\/2018\/03\/3A-Enerji-LOGO-SON-HAL\u0130-300x129.png 300w, https:\/\/www.anadolugunesi.org\/wp-content\/uploads\/2018\/03\/3A-Enerji-LOGO-SON-HAL\u0130.png 410w\" sizes=\"(max-width: 300px) 100vw, 300px\" \/><\/p>\n<p><img loading=\"lazy\" class=\"alignnone size-medium wp-image-1104\" src=\"https:\/\/anadolugunesi.org\/wp-content\/uploads\/2018\/03\/ABB-300x119.jpg\" alt=\"\" width=\"300\" height=\"119\" srcset=\"https:\/\/www.anadolugunesi.org\/wp-content\/uploads\/2018\/03\/ABB-300x119.jpg 300w, https:\/\/www.anadolugunesi.org\/wp-content\/uploads\/2018\/03\/ABB.jpg 357w\" sizes=\"(max-width: 300px) 100vw, 300px\" \/><\/p>\n<p><img loading=\"lazy\" class=\"alignnone size-full wp-image-1107\" src=\"https:\/\/anadolugunesi.org\/wp-content\/uploads\/2018\/03\/ANEL-ENERJ\u0130-LOGO.jpg\" alt=\"\" width=\"283\" height=\"83\" \/><\/p>\n<p><img loading=\"lazy\" class=\"alignnone size-medium wp-image-1105\" src=\"https:\/\/anadolugunesi.org\/wp-content\/uploads\/2018\/03\/akisENERJ\u0130-logo-300x79.jpg\" alt=\"\" width=\"300\" height=\"79\" srcset=\"https:\/\/www.anadolugunesi.org\/wp-content\/uploads\/2018\/03\/akisENERJ\u0130-logo-300x79.jpg 300w, https:\/\/www.anadolugunesi.org\/wp-content\/uploads\/2018\/03\/akisENERJ\u0130-logo-392x104.jpg 392w, https:\/\/www.anadolugunesi.org\/wp-content\/uploads\/2018\/03\/akisENERJ\u0130-logo-390x104.jpg 390w, https:\/\/www.anadolugunesi.org\/wp-content\/uploads\/2018\/03\/akisENERJ\u0130-logo.jpg 395w\" sizes=\"(max-width: 300px) 100vw, 300px\" \/><\/p>\n<p><img loading=\"lazy\" class=\"alignnone wp-image-1106\" src=\"https:\/\/anadolugunesi.org\/wp-content\/uploads\/2018\/03\/ALMETSAN-LOGO-300x57.png\" alt=\"\" width=\"447\" height=\"85\" srcset=\"https:\/\/www.anadolugunesi.org\/wp-content\/uploads\/2018\/03\/ALMETSAN-LOGO-300x57.png 300w, https:\/\/www.anadolugunesi.org\/wp-content\/uploads\/2018\/03\/ALMETSAN-LOGO.png 482w\" sizes=\"(max-width: 447px) 100vw, 447px\" \/><\/p>\n<p><img loading=\"lazy\" class=\"alignnone size-full wp-image-1108\" src=\"https:\/\/anadolugunesi.org\/wp-content\/uploads\/2018\/03\/C-PROF\u0130L.png\" alt=\"\" width=\"250\" height=\"172\" srcset=\"https:\/\/www.anadolugunesi.org\/wp-content\/uploads\/2018\/03\/C-PROF\u0130L.png 250w, https:\/\/www.anadolugunesi.org\/wp-content\/uploads\/2018\/03\/C-PROF\u0130L-130x90.png 130w\" sizes=\"(max-width: 250px) 100vw, 250px\" \/><\/p>\n<p><img loading=\"lazy\" class=\"alignnone size-full wp-image-1110\" src=\"https:\/\/anadolugunesi.org\/wp-content\/uploads\/2018\/03\/enerji-portal\u0131.jpeg\" alt=\"\" width=\"228\" height=\"164\" \/><\/p>\n<p><img loading=\"lazy\" class=\"alignnone size-full wp-image-1109\" src=\"https:\/\/anadolugunesi.org\/wp-content\/uploads\/2018\/03\/EIF-LOGO-1.png\" alt=\"\" width=\"197\" height=\"197\" srcset=\"https:\/\/www.anadolugunesi.org\/wp-content\/uploads\/2018\/03\/EIF-LOGO-1.png 197w, https:\/\/www.anadolugunesi.org\/wp-content\/uploads\/2018\/03\/EIF-LOGO-1-150x150.png 150w\" sizes=\"(max-width: 197px) 100vw, 197px\" \/><\/p>\n<p><img loading=\"lazy\" class=\"alignnone size-medium wp-image-1111\" src=\"https:\/\/anadolugunesi.org\/wp-content\/uploads\/2018\/03\/FARK-ELEKTR\u0130K-LOGO-300x167.jpeg\" alt=\"\" width=\"300\" height=\"167\" srcset=\"https:\/\/www.anadolugunesi.org\/wp-content\/uploads\/2018\/03\/FARK-ELEKTR\u0130K-LOGO-300x167.jpeg 300w, https:\/\/www.anadolugunesi.org\/wp-content\/uploads\/2018\/03\/FARK-ELEKTR\u0130K-LOGO.jpeg 378w\" sizes=\"(max-width: 300px) 100vw, 300px\" \/><\/p>\n<p><img loading=\"lazy\" class=\"alignnone size-full wp-image-1114\" src=\"https:\/\/anadolugunesi.org\/wp-content\/uploads\/2018\/03\/H\u0130S-SOLAR-LOGO.jpg\" alt=\"\" width=\"225\" height=\"101\" \/><\/p>\n<p><img loading=\"lazy\" class=\"alignnone size-full wp-image-1115\" src=\"https:\/\/anadolugunesi.org\/wp-content\/uploads\/2018\/03\/intech-logo.png\" alt=\"\" width=\"228\" height=\"77\" \/><\/p>\n<p><img loading=\"lazy\" class=\"alignnone size-medium wp-image-1116\" src=\"https:\/\/anadolugunesi.org\/wp-content\/uploads\/2018\/03\/kaco-300x103.png\" alt=\"\" width=\"300\" height=\"103\" srcset=\"https:\/\/www.anadolugunesi.org\/wp-content\/uploads\/2018\/03\/kaco-300x103.png 300w, https:\/\/www.anadolugunesi.org\/wp-content\/uploads\/2018\/03\/kaco.png 576w\" sizes=\"(max-width: 300px) 100vw, 300px\" \/><\/p>\n<p>&nbsp;<\/p>\n<p>&nbsp;<\/p>\n","protected":false},"excerpt":{"rendered":"<p>&nbsp; &nbsp; &nbsp; &nbsp;<\/p>\n","protected":false},"author":1,"featured_media":0,"parent":0,"menu_order":0,"comment_status":"closed","ping_status":"closed","template":"","meta":[],"_links":{"self":[{"href":"https:\/\/www.anadolugunesi.org\/index.php?rest_route=\/wp\/v2\/pages\/657"}],"collection":[{"href":"https:\/\/www.anadolugunesi.org\/index.php?rest_route=\/wp\/v2\/pages"}],"about":[{"href":"https:\/\/www.anadolugunesi.org\/index.php?rest_route=\/wp\/v2\/types\/page"}],"author":[{"embeddable":true,"href":"https:\/\/www.anadolugunesi.org\/index.php?rest_route=\/wp\/v2\/users\/1"}],"replies":[{"embeddable":true,"href":"https:\/\/www.anadolugunesi.org\/index.php?rest_route=%2Fwp%2Fv2%2Fcomments&post=657"}],"version-history":[{"count":4,"href":"https:\/\/www.anadolugunesi.org\/index.php?rest_route=\/wp\/v2\/pages\/657\/revisions"}],"predecessor-version":[{"id":1137,"href":"https:\/\/www.anadolugunesi.org\/index.php?rest_route=\/wp\/v2\/pages\/657\/revisions\/1137"}],"wp:attachment":[{"href":"https:\/\/www.anadolugunesi.org\/index.php?rest_route=%2Fwp%2Fv2%2Fmedia&parent=657"}],"curies":[{"name":"wp","href":"https:\/\/api.w.org\/{rel}","templated":true}]}}