{"id":723,"date":"2018-01-08T20:48:57","date_gmt":"2018-01-08T20:48:57","guid":{"rendered":"https:\/\/anadolugunesi.org\/?page_id=723"},"modified":"2018-03-02T19:13:02","modified_gmt":"2018-03-02T19:13:02","slug":"723-2","status":"publish","type":"page","link":"https:\/\/www.anadolugunesi.org\/?page_id=723","title":{"rendered":"HAKKIMIZDA"},"content":{"rendered":"<p><strong>\u201cANADOLU G\u00dcNE\u015e\u0130 ELEKTR\u0130K \u00dcRET\u0130YOR\u201d BULU\u015eMASI<\/strong><\/p>\n<p><strong>TOPLANTININ AMACI: <\/strong><\/p>\n<p><strong><em>G\u00fcne\u015f Enerjisinden Lisanss\u0131z Elektrik \u00fcretmek isteyen yat\u0131r\u0131mc\u0131lar ile bu alanda faaliyet g\u00f6steren sekt\u00f6r temsilcisi firmalar\u0131n nitelikli bulu\u015fmas\u0131n\u0131 sa\u011flamak.<\/em><\/strong><\/p>\n<p><strong>TOPLANTININ N\u0130\u00c7\u0130N D\u00dcZENLEND\u0130\u011e\u0130:<\/strong><\/p>\n<p><strong>YATIRIMCI A\u00c7ISINDAN:<\/strong><\/p>\n<p>Yat\u0131r\u0131mc\u0131lar do\u011fal olarak\u00a0 yat\u0131r\u0131ma ge\u00e7meden \u00f6nce ara\u015ft\u0131rma yapmak, daha \u00f6nce kurulan tesis referanslar\u0131n\u0131 \u00f6\u011frenip incelemek, sekt\u00f6rde bu konuda hangi firmalar var ara\u015ft\u0131rarak irtibata ge\u00e7mek, konu ile ilgili bilgiler toplay\u0131p bunlar\u0131 analiz etmek gibi yorucu ve uzun bir s\u00fcre\u00e7le ba\u015f ba\u015fa kalmaktad\u0131rlar. Ara\u015ft\u0131rma, \u00f6nce elektronik ortamda ve telefonda yap\u0131lan g\u00f6r\u00fc\u015fmelerle ilerlemekte devam\u0131nda ise ikili g\u00f6r\u00fc\u015fmeler i\u00e7in yurti\u00e7i ve yurtd\u0131\u015f\u0131 seyahatleri ba\u015flamaktad\u0131r. B\u00fct\u00fcn bu s\u00fcre\u00e7 aylarca zaman ve para kayb\u0131na sebep olmaktad\u0131r. \u0130\u015fte bu sebeplerden dolay\u0131 sekt\u00f6r temsilcisi-yat\u0131r\u0131mc\u0131 bulu\u015fmas\u0131 etkinli\u011fi d\u00fczenlenmi\u015ftir.<\/p>\n<p>\u00d6zellikle; \u00a0finansman, yat\u0131r\u0131m, \u00fcretim ve ANAHTAR TESL\u0130M\u0130 PROJELER konular\u0131nda bilgilendirmelerin olaca\u011f\u0131 bulu\u015fmada, sekt\u00f6r\u00fcn \u00f6nc\u00fc kurulu\u015flar\u0131 da verdikleri bilgiler ile yat\u0131r\u0131mc\u0131y\u0131 ayd\u0131nlatacakt\u0131r. D\u00fcnya g\u00fcne\u015f enerjisi sekt\u00f6r\u00fcn\u00fcn T\u00fcrkiye Ceo\u2019lar\u0131, \u00fcst d\u00fczey y\u00f6neticileri, sat\u0131nalma m\u00fcd\u00fcrleri, \u00fcreticiler, t\u00fcketiciler, akademisyenler\u00a0 ile g\u00fcne\u015f enerjisi sekt\u00f6r\u00fcn\u00fcn yurt i\u00e7i ve yurt d\u0131\u015f\u0131 temsilcilerinin yer alaca\u011f\u0131 bulu\u015fmada sekt\u00f6r\u00fcn t\u00fcm mensuplar\u0131 bir araya gelmektedir. Yat\u0131r\u0131m karar\u0131 al\u0131n\u0131p s\u00fcrecinin ba\u015flamas\u0131ndan sonu\u00e7lanmas\u0131na kadar ge\u00e7en periyotta i\u015fleyi\u015fi anlatmak ve bilgi vermek amac\u0131yla \u201cANADOLU G\u00dcNE\u015e\u0130 ELEKTR\u0130K \u00dcRET\u0130YOR\u201d KAYSER\u0130 bulu\u015fmas\u0131 ile sekt\u00f6r\u00fcn g\u00fc\u00e7 birli\u011fi yapt\u0131\u011f\u0131, g\u00fcne\u015f enerjisi sekt\u00f6r\u00fc ile sanayicileri ve Devletin resmi organlar\u0131n\u0131 birle\u015ftiren ger\u00e7ek ticari ve sonu\u00e7 odakl\u0131 bir platform olu\u015fmaktad\u0131r.<\/p>\n<p>G\u00fcne\u015f enerjisinden elektrik \u00fcretmek i\u00e7in sizinle ayn\u0131 yola \u00e7\u0131km\u0131\u015f bir\u00e7ok yat\u0131r\u0131mc\u0131 ile tan\u0131\u015f\u0131p bilgi al\u0131\u015f veri\u015finde bulunabilecek, tecr\u00fcbelerinizi payla\u015fabilecek, yat\u0131r\u0131m i\u00e7in en verimli, en hesapl\u0131\u00a0 ve en do\u011fru metoda karar vermenizi kolayla\u015ft\u0131racak bir organizasyonda yer alacaks\u0131n\u0131z.<\/p>\n<p><strong>SEKT\u00d6R TEMS\u0130LC\u0130S\u0130 F\u0130RMALAR A\u00c7ISINDAN:<\/strong><\/p>\n<p>Sekt\u00f6r temsilcileri marka, isim ve faaliyet alan\u0131 olarak adlar\u0131n\u0131 ve referanslar\u0131n\u0131 duyurabileceklerdir. Tan\u0131n\u0131rl\u0131klar\u0131n\u0131 ve sat\u0131\u015flar\u0131n\u0131 art\u0131rmak i\u00e7in kulland\u0131klar\u0131 en etkili y\u00f6ntem iller baz\u0131nda yat\u0131r\u0131mc\u0131 ziyaretleri yapmakt\u0131r. Yap\u0131lan ziyaretlerin kimi isabetli olurken \u00f6nemli bir b\u00f6l\u00fcm\u00fcnden ciddi bir geri d\u00f6n\u00fc\u015f olmamaktad\u0131r. T\u00fcrkiye\u2019nin il il dola\u015f\u0131lmas\u0131 sekt\u00f6r temsilcileri i\u00e7in uzun zaman almakta ve ciddi giderlere sebep olmaktad\u0131r. Sekt\u00f6r\u00fcn yo\u011fun ve verimli d\u00f6nemine girildi\u011fi bu g\u00fcnlerde vakit nakittir anlay\u0131\u015f\u0131yla \u201cANADOLU G\u00dcNE\u015e\u0130 ELEKTR\u0130K \u00dcRET\u0130YOR\u201d KAYSER\u0130 bulu\u015fmas\u0131 sekt\u00f6r temsilcileri ile yat\u0131r\u0131mc\u0131lar\u0131 bir araya getirecektir.<\/p>\n<p>Etkinli\u011fe \u00f6zellikle en \u00e7ok yat\u0131r\u0131mc\u0131n\u0131n yer ald\u0131\u011f\u0131 iller aras\u0131nda olan Kayseri ba\u015fta olmak \u00fczere Anadolu\u2019da yer alan yat\u0131r\u0131mc\u0131larla beraber t\u00fcm T\u00fcrkiye\u2019den yat\u0131r\u0131mc\u0131lar davet edilecektir. Yat\u0131r\u0131mc\u0131 davetinde \u00fczerinde hassasiyetle durulacak olan konu \u015f\u00f6yledir; pv ile do\u011frudan ilgisi olan ki\u015fi, kurum ve kurulu\u015flar, GES yat\u0131r\u0131m karar\u0131 alm\u0131\u015f \u015fah\u0131s ve firmalar, ba\u015fvurusunu yapm\u0131\u015f olanlar, \u00e7a\u011fr\u0131 mektubunu alm\u0131\u015f olanlar, proje onay\u0131ndan ge\u00e7mi\u015f olanlar ve en \u00f6nemlisi \u015fu anda her haz\u0131rl\u0131\u011f\u0131 bitmi\u015f kredisi onaylanm\u0131\u015f veya \u00f6z sermayesi ile yola devam edecek yat\u0131r\u0131mc\u0131lardan fiyat ve performans ara\u015ft\u0131rmas\u0131 yapan firmalar\u0131n davet edilmesi hususunda azami\u00a0 gayret g\u00f6sterilmektedir. T\u00fcrkiye\u2019de konseptinde tek olan, sonu\u00e7 odakl\u0131 ve sekt\u00f6r temsilcisi i\u00e7in maksimum faydan\u0131n elde edilebilece\u011fi Kayseri bulu\u015fmas\u0131nda, y\u00fczlerce MW\u2019l\u0131k\u00a0 proje potansiyeli ile tan\u0131\u015fma\u00a0 imkan\u0131 elde edilecektir.<\/p>\n<p><strong>YURTDI\u015eINDAN KATILACAK SEKT\u00d6R TEMS\u0130LC\u0130S\u0130 F\u0130RMALAR A\u00c7ISINDAN:<\/strong><\/p>\n<p>Kayseri\u2019nin ilk ve tek g\u00fcne\u015f enerjisi konulu Yat\u0131r\u0131mc\u0131-Sekt\u00f6r Temsilcisi bulu\u015fmas\u0131 olan bu organizasyon T\u00fcrkiye\u2019nin g\u00fcne\u015f enerjisi alan\u0131nda \u00fcretim merkezi olmas\u0131 yolunda b\u00fcy\u00fck ad\u0131mlar atmas\u0131na katk\u0131 sa\u011flayan Anadolu\u2019nun merkezinde 5.defa yap\u0131lacakt\u0131r.<\/p>\n<p>G\u00fcne\u015f enerjisi alan\u0131nda d\u00fcnyadaki ve \u00fclkemizdeki sekt\u00f6r temsilcileri ile yat\u0131r\u0131mc\u0131lar\u0131n bir araya geldi\u011fi ticari bir platform olan etkinli\u011fimiz, sekt\u00f6r\u00fcn lider firmalar\u0131n\u0131n ve temsilcilerinin bulu\u015ftu\u011fu bir organizasyon olma \u00f6zelli\u011fine sahiptir.<\/p>\n<p>Avrupa\u2019n\u0131n en g\u00fcne\u015fli \u00fclkelerinden biri olarak kabul edilen T\u00fcrkiye\u2019de bu konuya yo\u011funla\u015fan yat\u0131r\u0131mc\u0131lar, g\u00fcne\u015fin en yo\u011fun oldu\u011fu Anadolu\u2019da k\u00fcmelenmi\u015flerdir. Bundan dolay\u0131 d\u00fcnya \u00e7ap\u0131nda tan\u0131nm\u0131\u015f ve T\u00fcrkiye\u2019de yat\u0131r\u0131m yapmaya g\u00f6n\u00fcll\u00fc \u00e7ok say\u0131da d\u00fcnya markas\u0131 taraf\u0131ndan da yo\u011fun bir ilgi ile kar\u015f\u0131lanmaktad\u0131r. G\u00fcne\u015flenme alan\u0131 olduk\u00e7a y\u00fcksek olan \u00fclkemiz ve \u00f6zellikle Anadolu topraklar\u0131 bu co\u011frafi \u00f6zelli\u011fi avantaja d\u00f6n\u00fc\u015ft\u00fcrebilecektir.<\/p>\n<p>T\u00fcrkiye gibi b\u00fcy\u00fck bir pazarda yer almak i\u00e7in sizlere \u00f6nemli bir imkan sa\u011flayacakt\u0131r. Bu sayede yerelde kurulu firmalarla temas kurabilecek, ikili i\u015fbirlikleri olu\u015fturabilecek, yeni partnerlere sahip olabileceksiniz. Bir\u00e7ok \u00f6rne\u011fi oldu\u011fu gibi direk son kullan\u0131c\u0131ya ula\u015fma ve i\u015f f\u0131rsatlar\u0131yla dolu bir toplant\u0131, sizlere k\u0131sa zamanda verimli ve ileriye d\u00f6n\u00fck \u00f6nemli kazan\u00e7 f\u0131rsatlar\u0131 sunacakt\u0131r. D\u00fcnya \u00e7ap\u0131nda tan\u0131nm\u0131\u015f ve T\u00fcrkiye\u2019de yat\u0131r\u0131m yapmaya g\u00f6n\u00fcll\u00fc \u00e7ok say\u0131da d\u00fcnya markas\u0131 ve yat\u0131r\u0131mc\u0131 taraf\u0131ndan da yo\u011fun bir ilgi ile kar\u015f\u0131lanan bu organizasyonda yer alman\u0131z temennisiyle.<\/p>\n<p><strong>\u00a0<\/strong><\/p>\n<p><strong>\u201cANADOLU G\u00dcNE\u015e\u0130 ELEKTR\u0130K \u00dcRET\u0130YOR\u201d KAYSER\u0130 BULU\u015eMASINA NEDEN KATILMALISINIZ:<\/strong><\/p>\n<ul>\n<li>Potansiyel yat\u0131r\u0131mc\u0131lar ve hedef kitle ile birebir ba\u011flant\u0131 kurmak,<\/li>\n<li>Minimum zaman ve minimum b\u00fct\u00e7e ile sat\u0131\u015flar\u0131n\u0131z\u0131 artt\u0131rmak,<\/li>\n<li>Yeni i\u015f ba\u011flant\u0131lar\u0131 kurmak,<\/li>\n<li>Mevcut i\u015f ba\u011flant\u0131lar\u0131n\u0131z\u0131 g\u00fc\u00e7lendirmek,<\/li>\n<li>Birebir ilgili yat\u0131r\u0131mc\u0131lara \u00fcr\u00fcnlerinizi tan\u0131tmak,<\/li>\n<li>Marka bilinirli\u011fini artt\u0131rmak, marka de\u011ferinizi y\u00fckseltmek,<\/li>\n<li>Sekt\u00f6rde faaliyet g\u00f6steren firma ve ki\u015filerle ba\u011flant\u0131lar\u0131n\u0131z\u0131 g\u00fc\u00e7lendirmek,<\/li>\n<li>Pazarda \u00f6n plana \u00e7\u0131kmak,<\/li>\n<li>Rekabetin g\u00fcn ge\u00e7tik\u00e7e artt\u0131\u011f\u0131 pazar yap\u0131s\u0131nda bir ad\u0131m \u00f6ne \u00e7\u0131kmak,<\/li>\n<li>Yeni \u00fcr\u00fcn ve hizmetlerinizi, sekt\u00f6r\u00fcn bulu\u015fma noktas\u0131nda tan\u0131tmak,<\/li>\n<li>Rakiplerinizi yak\u0131ndan tan\u0131ma f\u0131rsat\u0131 bulmak,<\/li>\n<li>Yeni partnerler, \u00e7\u00f6z\u00fcm ortaklar\u0131, bayilik verilecek kitle ile bir araya gelmek,<\/li>\n<li>Rakiplerinizin \u00fcr\u00fcnlerine kar\u015f\u0131, \u00fcr\u00fcnlerinizin kazand\u0131rd\u0131klar\u0131n\u0131, avantajlar\u0131 birebir anlatmak,<\/li>\n<li>Anadolu\u2019nun d\u00f6rt bir yan\u0131ndan gelen yat\u0131r\u0131mc\u0131larla bulu\u015fmak,<\/li>\n<li>T\u00fcrkiye\u2019deki ve yeni pazarlardaki partnerlerinizi se\u00e7mek,<\/li>\n<li>Uygulamac\u0131lara \u00fcr\u00fcnlerinizin performans\u0131 hakk\u0131nda bilgi aktarmak,<\/li>\n<li>Projeli i\u015flerde \u00f6ne \u00e7\u0131kmak,<\/li>\n<\/ul>\n<p><strong>N\u0130\u00c7\u0130N KAYSER\u0130:<\/strong><\/p>\n<p>T\u00fcrkiye\u2019de sekt\u00f6r temsilcilerinin yo\u011funlukla bulundu\u011fu il \u0130stanbul oldu\u011fu gibi yat\u0131r\u0131mc\u0131n\u0131n yo\u011funlukla bulundu\u011fu b\u00f6lge ise Anadolu\u2019dur.\u00a0 Kayseri ise Anadolu\u2019nun merkezi konumundad\u0131r. Ula\u015f\u0131m ve konaklama a\u00e7\u0131s\u0131ndan d\u00fcnya standartlar\u0131nda imkanlara sahiptir. <strong><em>Ayr\u0131ca kurulu G\u00fcne\u015f Enerji Santral kapasitesi olarak bak\u0131ld\u0131\u011f\u0131nda T\u00fcrkiye genelinde ilk s\u0131ralarda yer almaktad\u0131r.<\/em><\/strong><\/p>\n<p><strong>NEDEN 1 G\u00dcN:<\/strong><\/p>\n<p>\u201cANADOLU G\u00dcNE\u015e\u0130 ELEKTR\u0130K \u00dcRET\u0130YOR\u201dKAYSER\u0130 bulu\u015fmas\u0131n\u0131n as\u0131l amac\u0131 ger\u00e7ek\u00a0 yat\u0131r\u0131mc\u0131 ile sekt\u00f6r temsilcisi firmalar\u0131 bir araya getirmektir.\u00a0 Fotovoltaik sekt\u00f6r\u00fcne yabanc\u0131 olanlar\u0131n e\u011fitim ve bilgilendirilmelerinden ziyade konuya vak\u0131f, bilin\u00e7li yat\u0131r\u0131mc\u0131larla bir araya gelinilen direk sonu\u00e7 odakl\u0131 bir organizasyondur. Etkinlik boyunca yap\u0131lan toplu ve ikili g\u00f6r\u00fc\u015fmelerin ard\u0131ndan ileriki g\u00fcnler kar\u015f\u0131l\u0131kl\u0131 firma ziyaretlerine ayr\u0131lm\u0131\u015ft\u0131r. Bu sebepledir ki toplant\u0131 g\u00fcn\u00fc \u00f6zellikle 1 g\u00fcn se\u00e7ilmi\u015ftir.<\/p>\n<p><strong>YATIRIMCI-SEKT\u00d6R TEMS\u0130LC\u0130S\u0130 RANDEVU S\u0130STEM\u0130:<\/strong><\/p>\n<p>Sekt\u00f6r temsilcisi firmalar ile g\u00f6r\u00fc\u015fme yapmak isteyen yat\u0131r\u0131mc\u0131lar \u00f6nceden hangi sekt\u00f6r temsilcisi firma ile g\u00f6r\u00fc\u015fme talebinde bulundu\u011funu bildirecek, sekt\u00f6r temsilcisi de uygun g\u00f6r\u00fcrse randevu saati vererek kendine ait ayr\u0131lm\u0131\u015f \u00f6zel alanda ikili veya grup olarak kendisiyle g\u00f6r\u00fc\u015fme talep eden yat\u0131r\u0131mc\u0131lar ile i\u015f g\u00f6r\u00fc\u015fmesi yapacaklard\u0131r. B\u00f6ylece karga\u015fa ve rastgele g\u00f6r\u00fc\u015fmelerin yerini, planl\u0131, organize ve zaman\u0131n verimli kullan\u0131ld\u0131\u011f\u0131 g\u00f6r\u00fc\u015fmeler alacakt\u0131r.<\/p>\n<p><strong>RAPOR:<\/strong><\/p>\n<p>Sekt\u00f6r temsilcisi firma ile yat\u0131r\u0131mc\u0131lar\u0131n G\u00fcne\u015ften Lisanss\u0131z Elektrik \u00dcretme konusunda kar\u015f\u0131la\u015ft\u0131klar\u0131 sorunlar ile \u00e7\u00f6z\u00fcm yollar\u0131n\u0131n birlikte yer ald\u0131\u011f\u0131 raporlar birle\u015ftirilerek sekt\u00f6r\u00fcn \u00f6n\u00fcn\u00fcn a\u00e7\u0131lmas\u0131 i\u00e7in haz\u0131rlanacak dosya Enerji ve Tabii Kaynaklar Bakanl\u0131\u011f\u0131m\u0131z \u2019a sunulacakt\u0131r.<\/p>\n<p><strong>SONU\u00c7:<\/strong><\/p>\n<p>Siz de\u011ferli sekt\u00f6r temsilcisi firmalar\u0131n mevcut pazar\u0131n\u0131z\u0131 g\u00fc\u00e7lendirmek, yeni pazarlara a\u00e7\u0131lmak, yeni yat\u0131r\u0131mc\u0131larla tan\u0131\u015fmak, geli\u015fmekte olan b\u00f6lgemizde faaliyet g\u00f6stermeye ba\u015flamak, \u00fcr\u00fcnlerinizi daha geni\u015f kitlelere tan\u0131tmak ve ula\u015ft\u0131rmak i\u00e7in, yerinizi almaya bekliyoruz. Kat\u0131l\u0131mc\u0131lar ve \u00fclkemiz a\u00e7\u0131s\u0131ndan verimli, bereketli ve faydal\u0131 bir etkinlik olmas\u0131 dile\u011fiyle sayg\u0131lar sunar\u0131z.<\/p>\n<p><strong>\u201cANADOLU G\u00dcNE\u015e\u0130 ELEKTR\u0130K \u00dcRET\u0130YOR\u201d KAYSER\u0130 BULU\u015eMASI<\/strong><\/p>\n<p>&nbsp;<\/p>\n","protected":false},"excerpt":{"rendered":"<p>\u201cANADOLU G\u00dcNE\u015e\u0130 ELEKTR\u0130K \u00dcRET\u0130YOR\u201d BULU\u015eMASI TOPLANTININ AMACI: G\u00fcne\u015f Enerjisinden Lisanss\u0131z Elektrik \u00fcretmek isteyen yat\u0131r\u0131mc\u0131lar ile bu alanda faaliyet g\u00f6steren sekt\u00f6r<\/p>\n","protected":false},"author":1,"featured_media":0,"parent":0,"menu_order":0,"comment_status":"closed","ping_status":"closed","template":"","meta":[],"_links":{"self":[{"href":"https:\/\/www.anadolugunesi.org\/index.php?rest_route=\/wp\/v2\/pages\/723"}],"collection":[{"href":"https:\/\/www.anadolugunesi.org\/index.php?rest_route=\/wp\/v2\/pages"}],"about":[{"href":"https:\/\/www.anadolugunesi.org\/index.php?rest_route=\/wp\/v2\/types\/page"}],"author":[{"embeddable":true,"href":"https:\/\/www.anadolugunesi.org\/index.php?rest_route=\/wp\/v2\/users\/1"}],"replies":[{"embeddable":true,"href":"https:\/\/www.anadolugunesi.org\/index.php?rest_route=%2Fwp%2Fv2%2Fcomments&post=723"}],"version-history":[{"count":6,"href":"https:\/\/www.anadolugunesi.org\/index.php?rest_route=\/wp\/v2\/pages\/723\/revisions"}],"predecessor-version":[{"id":1096,"href":"https:\/\/www.anadolugunesi.org\/index.php?rest_route=\/wp\/v2\/pages\/723\/revisions\/1096"}],"wp:attachment":[{"href":"https:\/\/www.anadolugunesi.org\/index.php?rest_route=%2Fwp%2Fv2%2Fmedia&parent=723"}],"curies":[{"name":"wp","href":"https:\/\/api.w.org\/{rel}","templated":true}]}}