{"id":730,"date":"2018-01-08T20:57:03","date_gmt":"2018-01-08T20:57:03","guid":{"rendered":"https:\/\/anadolugunesi.org\/?page_id=730"},"modified":"2018-01-08T20:57:03","modified_gmt":"2018-01-08T20:57:03","slug":"destekleyenler-2","status":"publish","type":"page","link":"https:\/\/www.anadolugunesi.org\/?page_id=730","title":{"rendered":"DESTEKLEYENLER"},"content":{"rendered":"<p><strong>ENERJ\u0130 VE TAB\u0130\u0130 KAYNAKLAR BAKANLI\u011eI,<\/strong><\/p>\n<p><strong>YEGM, TEDA\u015e,<\/strong><\/p>\n<p><strong>KAYSER\u0130 VAL\u0130L\u0130\u011e\u0130,<\/strong><\/p>\n<p><strong>KAYSER\u0130 KOCAS\u0130NAN, MEL\u0130KGAZ\u0130, <\/strong><\/p>\n<p><strong>TALAS ve B\u00dcNYAN BELED\u0130YELER\u0130,<\/strong><\/p>\n<p><strong>GENSED, ELDER, ENVER,<\/strong><\/p>\n<p><strong>OSB, KTO, ORAN, KOSGEB,<\/strong><\/p>\n<p><strong>SEHAD, PERPA DERG\u0130S\u0130, ICCI,<\/strong><\/p>\n<p><strong>ERC\u0130YES \u00dcN\u0130VERS\u0130TES\u0130, <\/strong><\/p>\n<p><strong>NUH NAC\u0130 YAZGAN \u00dcN\u0130VERS\u0130TES\u0130,<\/strong><\/p>\n<p><strong>ABDULLAH G\u00dcL \u00dcN\u0130VERS\u0130TES\u0130<\/strong><\/p>\n<p>&nbsp;<\/p>\n","protected":false},"excerpt":{"rendered":"<p>ENERJ\u0130 VE TAB\u0130\u0130 KAYNAKLAR BAKANLI\u011eI, YEGM, TEDA\u015e, KAYSER\u0130 VAL\u0130L\u0130\u011e\u0130, KAYSER\u0130 KOCAS\u0130NAN, MEL\u0130KGAZ\u0130, TALAS ve B\u00dcNYAN BELED\u0130YELER\u0130, GENSED, ELDER, ENVER, OSB,<\/p>\n","protected":false},"author":1,"featured_media":0,"parent":0,"menu_order":0,"comment_status":"closed","ping_status":"closed","template":"","meta":[],"_links":{"self":[{"href":"https:\/\/www.anadolugunesi.org\/index.php?rest_route=\/wp\/v2\/pages\/730"}],"collection":[{"href":"https:\/\/www.anadolugunesi.org\/index.php?rest_route=\/wp\/v2\/pages"}],"about":[{"href":"https:\/\/www.anadolugunesi.org\/index.php?rest_route=\/wp\/v2\/types\/page"}],"author":[{"embeddable":true,"href":"https:\/\/www.anadolugunesi.org\/index.php?rest_route=\/wp\/v2\/users\/1"}],"replies":[{"embeddable":true,"href":"https:\/\/www.anadolugunesi.org\/index.php?rest_route=%2Fwp%2Fv2%2Fcomments&post=730"}],"version-history":[{"count":1,"href":"https:\/\/www.anadolugunesi.org\/index.php?rest_route=\/wp\/v2\/pages\/730\/revisions"}],"predecessor-version":[{"id":731,"href":"https:\/\/www.anadolugunesi.org\/index.php?rest_route=\/wp\/v2\/pages\/730\/revisions\/731"}],"wp:attachment":[{"href":"https:\/\/www.anadolugunesi.org\/index.php?rest_route=%2Fwp%2Fv2%2Fmedia&parent=730"}],"curies":[{"name":"wp","href":"https:\/\/api.w.org\/{rel}","templated":true}]}}