{"id":98,"date":"2017-12-15T16:01:29","date_gmt":"2017-12-15T16:01:29","guid":{"rendered":"https:\/\/anadolugunesi.org\/?page_id=98"},"modified":"2018-03-02T19:06:09","modified_gmt":"2018-03-02T19:06:09","slug":"ges-pazari","status":"publish","type":"page","link":"https:\/\/www.anadolugunesi.org\/?page_id=98","title":{"rendered":"GES Pazar\u0131"},"content":{"rendered":"<p style=\"text-align: center;\">\n<p style=\"text-align: center;\">GES al\u0131m-sat\u0131m-devir ve ortakl\u0131k taleplerini, h\u0131zl\u0131 ve en \u00f6nemlisi <strong>g\u00fcvenilir<\/strong> bir platformda bir araya getirmek i\u00e7in 2016 y\u0131l\u0131nda duyurusunu yapt\u0131\u011f\u0131m\u0131z <span style=\"color: #ff6600;\"><strong>GES PAZARI<\/strong><\/span> faaliyete ge\u00e7mi\u015ftir.<\/p>\n<p style=\"text-align: center;\"><strong>Al\u0131m-Sat\u0131m-Devir ve Ortakl\u0131k<\/strong> taleplerinizi bize ileterek,<\/p>\n<p style=\"text-align: center;\">h\u0131zl\u0131 ve g\u00fcvenilir sonu\u00e7 almak ve al\u0131c\u0131 ile sat\u0131c\u0131y\u0131 direk y\u00fczy\u00fcze g\u00f6r\u00fc\u015ft\u00fcrmek i\u00e7in<\/p>\n<p style=\"text-align: center;\"><span style=\"color: #ff6600;\"><strong>GES PAZARI<\/strong><\/span>\u2019nda sizi yerinizi almaya davet ediyoruz.<\/p>\n<table class=\" aligncenter\" width=\"597\">\n<tbody>\n<tr>\n<td colspan=\"2\" width=\"597\"><span style=\"color: #ff6600;\"><strong>GES PROJES\u0130N\u0130 SATMAK \u0130STEYENLER \u0130\u00c7\u0130N<\/strong><\/span><\/td>\n<\/tr>\n<tr>\n<td width=\"583\">PROJEN\u0130N YER\u0130<\/td>\n<td width=\"14\"><\/td>\n<\/tr>\n<tr>\n<td width=\"583\">PROJEN\u0130N KAPAS\u0130TES\u0130<\/td>\n<td width=\"14\"><\/td>\n<\/tr>\n<tr>\n<td width=\"583\">\u015eU ANK\u0130 DURUMU<\/td>\n<td width=\"14\"><\/td>\n<\/tr>\n<tr>\n<td width=\"583\">\u0130STEN\u0130LEN F\u0130YAT<\/td>\n<td width=\"14\"><\/td>\n<\/tr>\n<tr>\n<td width=\"583\">YETK\u0130L\u0130 K\u0130\u015e\u0130 \u0130RT\u0130BAT<\/td>\n<td width=\"14\"><\/td>\n<\/tr>\n<tr>\n<td width=\"583\">EKLEMEK \u0130STED\u0130\u011e\u0130<\/td>\n<td width=\"14\"><\/td>\n<\/tr>\n<tr>\n<td width=\"583\"><\/td>\n<td width=\"14\"><\/td>\n<\/tr>\n<tr>\n<td colspan=\"2\" width=\"597\"><span style=\"color: #ff6600;\"><strong>GES PROJE ALMAK \u0130STEYENLER \u0130\u00c7\u0130N<\/strong><\/span><\/td>\n<\/tr>\n<tr>\n<td width=\"583\">HANG\u0130 B\u00d6LGEDEN ARADI\u011eI<\/td>\n<td width=\"14\"><\/td>\n<\/tr>\n<tr>\n<td width=\"583\">TOPLAM \u0130HT\u0130YACI<\/td>\n<td width=\"14\"><\/td>\n<\/tr>\n<tr>\n<td width=\"583\">PROJEY\u0130 HANG\u0130 A\u015eAMADA \u0130STED\u0130\u011e\u0130<\/td>\n<td width=\"14\"><\/td>\n<\/tr>\n<tr>\n<td width=\"583\">YETK\u0130L\u0130 K\u0130\u015e\u0130 \u0130RT\u0130BAT<\/td>\n<td width=\"14\"><\/td>\n<\/tr>\n<tr>\n<td width=\"583\">EKLEMEK \u0130STED\u0130\u011e\u0130<\/td>\n<td width=\"14\"><\/td>\n<\/tr>\n<\/tbody>\n<\/table>\n<p style=\"text-align: center;\">\n","protected":false},"excerpt":{"rendered":"<p>GES al\u0131m-sat\u0131m-devir ve ortakl\u0131k taleplerini, h\u0131zl\u0131 ve en \u00f6nemlisi g\u00fcvenilir bir platformda bir araya getirmek i\u00e7in 2016 y\u0131l\u0131nda duyurusunu yapt\u0131\u011f\u0131m\u0131z<\/p>\n","protected":false},"author":1,"featured_media":0,"parent":0,"menu_order":0,"comment_status":"closed","ping_status":"closed","template":"","meta":[],"_links":{"self":[{"href":"https:\/\/www.anadolugunesi.org\/index.php?rest_route=\/wp\/v2\/pages\/98"}],"collection":[{"href":"https:\/\/www.anadolugunesi.org\/index.php?rest_route=\/wp\/v2\/pages"}],"about":[{"href":"https:\/\/www.anadolugunesi.org\/index.php?rest_route=\/wp\/v2\/types\/page"}],"author":[{"embeddable":true,"href":"https:\/\/www.anadolugunesi.org\/index.php?rest_route=\/wp\/v2\/users\/1"}],"replies":[{"embeddable":true,"href":"https:\/\/www.anadolugunesi.org\/index.php?rest_route=%2Fwp%2Fv2%2Fcomments&post=98"}],"version-history":[{"count":5,"href":"https:\/\/www.anadolugunesi.org\/index.php?rest_route=\/wp\/v2\/pages\/98\/revisions"}],"predecessor-version":[{"id":1094,"href":"https:\/\/www.anadolugunesi.org\/index.php?rest_route=\/wp\/v2\/pages\/98\/revisions\/1094"}],"wp:attachment":[{"href":"https:\/\/www.anadolugunesi.org\/index.php?rest_route=%2Fwp%2Fv2%2Fmedia&parent=98"}],"curies":[{"name":"wp","href":"https:\/\/api.w.org\/{rel}","templated":true}]}}